{"id":302,"date":"2025-08-22T19:36:59","date_gmt":"2025-08-22T16:36:59","guid":{"rendered":"https:\/\/haznedarpartners.com.tr\/?page_id=302"},"modified":"2025-08-22T19:36:59","modified_gmt":"2025-08-22T16:36:59","slug":"isbasvuru-form-sayfasi","status":"publish","type":"page","link":"https:\/\/haznedarpartners.com.tr\/en\/isbasvuru-form-sayfasi","title":{"rendered":"\u0130\u015fBa\u015fvuru Form Sayfas\u0131"},"content":{"rendered":"","protected":false},"excerpt":{"rendered":"","protected":false},"author":1,"featured_media":0,"parent":0,"menu_order":0,"comment_status":"closed","ping_status":"closed","template":"TemplateParts\/Adora-form-cv.php","meta":{"footnotes":""},"class_list":["post-302","page","type-page","status-publish","hentry"],"acf":[],"_links":{"self":[{"href":"https:\/\/haznedarpartners.com.tr\/en\/wp-json\/wp\/v2\/pages\/302","targetHints":{"allow":["GET"]}}],"collection":[{"href":"https:\/\/haznedarpartners.com.tr\/en\/wp-json\/wp\/v2\/pages"}],"about":[{"href":"https:\/\/haznedarpartners.com.tr\/en\/wp-json\/wp\/v2\/types\/page"}],"author":[{"embeddable":true,"href":"https:\/\/haznedarpartners.com.tr\/en\/wp-json\/wp\/v2\/users\/1"}],"replies":[{"embeddable":true,"href":"https:\/\/haznedarpartners.com.tr\/en\/wp-json\/wp\/v2\/comments?post=302"}],"version-history":[{"count":0,"href":"https:\/\/haznedarpartners.com.tr\/en\/wp-json\/wp\/v2\/pages\/302\/revisions"}],"wp:attachment":[{"href":"https:\/\/haznedarpartners.com.tr\/en\/wp-json\/wp\/v2\/media?parent=302"}],"curies":[{"name":"wp","href":"https:\/\/api.w.org\/{rel}","templated":true}]}}